{"id":3,"date":"2022-10-28T10:50:51","date_gmt":"2022-10-28T08:50:51","guid":{"rendered":"https:\/\/www.fvt22.com\/xhtml\/?page_id=3"},"modified":"2023-07-06T19:24:16","modified_gmt":"2023-07-06T18:24:16","slug":"datenschutzerklaerung","status":"publish","type":"page","link":"https:\/\/www.fvt22.com\/?page_id=3","title":{"rendered":"Impressum und Datenschutzerkl\u00e4rung"},"content":{"rendered":"\n<p>Angaben gem\u00e4\u00df \u00a7 5 TMG<\/p>\n\n\n\n<p>BASABUITO SL<br>Oliver Breder<br>Camino la Sabina 50<br>ES-38434 Buen Paso Tenerife<\/p>\n\n\n\n<p>E-Mail: <a href=\"mailto:\/\/oli@fvt22.com\" data-type=\"mailto\" data-id=\"mailto:\/\/oli@fvt22.com\">oli(at)fvt22(dot)com<\/a><\/p>\n\n\n\n<p>CIF: B44866820<\/p>\n\n\n\n<p><strong>Erfassung allgemeiner Informationen<\/strong><\/p>\n\n\n\n<p>Beim Zugriff auf diese Webseite werden automatisch Verbindungsinformationen allgemeiner Natur erfasst. Diese &#8222;Server-Logfiles&#8220; enthalten evtl. Informationen zu Ihrem Webbrowser oder Ihrem Betriebssystem.<br>Diese Informationen lassen keine direkten R\u00fcckschl\u00fcsse auf Ihre Person zu, werden automatisch nach 30 Tagen gel\u00f6scht und dienen ausschlie\u00dflich der Aufrechterhaltung des technischen Betriebes.<\/p>\n\n\n\n<p>Dies geschieht auf Basis von<\/p>\n\n\n\n<pre class=\"wp-block-code\"><code><a href=\"https:\/\/dejure.org\/gesetze\/DSGVO\/5.html\" target=\"_blank\" rel=\"noreferrer noopener\">DSGVO Art. 5: Grunds\u00e4tze f\u00fcr die Verarbeitung personenbezogener Daten<\/a>\n<a rel=\"noreferrer noopener\" href=\"https:\/\/dejure.org\/gesetze\/DSGVO\/6.html\" target=\"_blank\">DSGVO Art. 6: Rechtm\u00e4\u00dfigkeit der Verarbeitung.<\/a><\/code><\/pre>\n\n\n\n<p><strong>Eine \u00dcbermittlung der Server-Logfiles an Dritte findet nicht statt.<\/strong><\/p>\n\n\n\n<p>Eine anonymisierte Form der Verbindungsinformationen dient der statistischen Auswertung.<br>Eine \u00dcbermittlung der anonymisierten Daten an Dritte findet nicht statt.<\/p>\n\n\n\n<p>Diese Webseite verwendet ein Session-Cookie zur einwandfreien Darstellung der Seiten.<br>Dieses Session-Cookie wird automatisch gel\u00f6scht, wenn Sie diese Webseite schlie\u00dfen.<\/p>\n\n\n\n<p>Auf dieser Webseite werden keine &#8222;Online-Identifikatoren&#8220; erfasst.<br>Es werden keine Daten an Dritte wie z.B. Google oder Facebook \u00fcbermittelt.<br>Es werden keine Verfahren zur automatisierten Entscheidungsfindung (z.B. Profiling) eingesetzt.<\/p>\n\n\n\n<p><strong>Datenschutz bei Kontaktaufnahme<\/strong><\/p>\n\n\n\n<p>Die Verbindung zu dieser Webseite erfolgt per HTTPS nach einem SSL-Verschl\u00fcsselungsverfahren, das durch regelm\u00e4\u00dfige Updates dem jeweils aktuellen Stand der Technik angepasst wird.<\/p>\n\n\n\n<p>Dementsprechend werden auch die im Kontaktformular eingetragenen Daten abh\u00f6rsicher \u00fcbermittelt.<\/p>\n\n\n\n<p>Wenn Sie Kontakt aufnehmen (per E-Mail oder Kontaktformular), werden die von Ihnen gemachten Angaben gespeichert. Dies dient ausschlie\u00dflich der Bearbeitung Ihrer Anfrage gem\u00e4\u00df DSGVO Art. 6: Rechtm\u00e4\u00dfigkeit der Verarbeitung.<\/p>\n\n\n\n<p>Grunds\u00e4tzlich werden keine erhobenen Daten an Dritte weiter gegeben.<\/p>\n\n\n\n<p><strong>Recht auf Widerruf und Beschwerde<\/strong><\/p>\n\n\n\n<p>Sie haben das Recht auf Einschr\u00e4nkung oder Widerruf der Verarbeitung Ihrer personenbezogenen Daten sowie das Recht, eine Beschwerde bei den Landesbeauftragten f\u00fcr den Datenschutz und die Informationsfreiheit einzulegen.<\/p>\n\n\n\n<p>Selbstverst\u00e4ndlich erteilen wir Ihnen Auskunft \u00fcber erhobene Daten und berichtigen bzw. l\u00f6schen diese auf Ihren Wunsch.<\/p>\n\n\n\n<p>Unabh\u00e4ngig davon werden diese Daten unter Ber\u00fccksichtigung der gesetzlichen Aufbewahrungspflichten gel\u00f6scht, wenn diese f\u00fcr die Zwecke, f\u00fcr die sie erhoben oder verarbeitet wurden, nicht mehr notwendig sind.<\/p>\n\n\n\n<p><strong>Fragen zum Datenschutz<\/strong><\/p>\n\n\n\n<p>Verwenden Sie bei Fragen zum Datenschutz das Kontaktformular oder wenden sich direkt an den Gesch\u00e4ftsf\u00fchrer:<\/p>\n\n\n\n<p>Oliver Breder<br>Camino la Sabina 50<br>ES-38434 Buen Paso Tenerife<br><\/p>\n","protected":false},"excerpt":{"rendered":"<p>Angaben gem\u00e4\u00df \u00a7 5 TMG BASABUITO SLOliver BrederCamino la Sabina 50ES-38434 Buen Paso Tenerife E-Mail: oli(at)fvt22(dot)com CIF: B44866820 Erfassung allgemeiner Informationen Beim Zugriff auf diese Webseite werden automatisch Verbindungsinformationen allgemeiner Natur erfasst. Diese &#8222;Server-Logfiles&#8220; enthalten evtl. Informationen zu Ihrem Webbrowser oder Ihrem Betriebssystem.Diese Informationen lassen keine direkten R\u00fcckschl\u00fcsse auf Ihre Person zu, werden automatisch nach &hellip; <a href=\"https:\/\/www.fvt22.com\/?page_id=3\" class=\"more-link\">Continue reading<span class=\"screen-reader-text\"> &#8222;Impressum und Datenschutzerkl\u00e4rung&#8220;<\/span><\/a><\/p>\n","protected":false},"author":1,"featured_media":489,"parent":0,"menu_order":0,"comment_status":"closed","ping_status":"open","template":"template-full-width-page.php","meta":{"footnotes":""},"_links":{"self":[{"href":"https:\/\/www.fvt22.com\/index.php?rest_route=\/wp\/v2\/pages\/3"}],"collection":[{"href":"https:\/\/www.fvt22.com\/index.php?rest_route=\/wp\/v2\/pages"}],"about":[{"href":"https:\/\/www.fvt22.com\/index.php?rest_route=\/wp\/v2\/types\/page"}],"author":[{"embeddable":true,"href":"https:\/\/www.fvt22.com\/index.php?rest_route=\/wp\/v2\/users\/1"}],"replies":[{"embeddable":true,"href":"https:\/\/www.fvt22.com\/index.php?rest_route=%2Fwp%2Fv2%2Fcomments&post=3"}],"version-history":[{"count":11,"href":"https:\/\/www.fvt22.com\/index.php?rest_route=\/wp\/v2\/pages\/3\/revisions"}],"predecessor-version":[{"id":766,"href":"https:\/\/www.fvt22.com\/index.php?rest_route=\/wp\/v2\/pages\/3\/revisions\/766"}],"wp:featuredmedia":[{"embeddable":true,"href":"https:\/\/www.fvt22.com\/index.php?rest_route=\/wp\/v2\/media\/489"}],"wp:attachment":[{"href":"https:\/\/www.fvt22.com\/index.php?rest_route=%2Fwp%2Fv2%2Fmedia&parent=3"}],"curies":[{"name":"wp","href":"https:\/\/api.w.org\/{rel}","templated":true}]}}