{"id":44,"date":"2023-02-12T18:00:27","date_gmt":"2023-02-12T17:00:27","guid":{"rendered":"https:\/\/www.fvt22.com\/xhtml\/?page_id=44"},"modified":"2023-07-03T17:40:52","modified_gmt":"2023-07-03T16:40:52","slug":"finca-vino-tinto","status":"publish","type":"page","link":"https:\/\/www.fvt22.com\/","title":{"rendered":"Vino Tinto &#8211; nur f\u00fcr Erwachsene*"},"content":{"rendered":"\n<div class=\"wp-block-group alignfull has-white-background-color has-background\"><div class=\"wp-block-group__inner-container is-layout-flow wp-block-group-is-layout-flow\">\n<div class=\"wp-block-columns alignwide is-layout-flex wp-container-core-columns-is-layout-1 wp-block-columns-is-layout-flex\">\n<div class=\"wp-block-column is-layout-flow wp-block-column-is-layout-flow\">\n<p class=\"has-text-color\" style=\"color:#000000;font-size:5vw;line-height:1.1\"><strong>Positive silent.<\/strong><\/p>\n<\/div>\n<\/div>\n\n\n\n<div class=\"wp-block-columns alignwide is-layout-flex wp-container-core-columns-is-layout-2 wp-block-columns-is-layout-flex\">\n<div class=\"wp-block-column is-layout-flow wp-block-column-is-layout-flow\" style=\"flex-basis:33.38%\">\n<p class=\"has-text-color has-extra-small-font-size\" style=\"color:#000000\"><em>Eingebettet in die Natur befindet sich die Finca Vino Tinto wenige hundert Meter entfernt von der Steilk\u00fcste zum Ozean<\/em>.<\/p>\n\n\n\n<p><em>Die Anlage hat vier Appartements und ein Appartementhaus. Es werden nie mehr als zw\u00f6lf G\u00e4ste gleichzeitig anwesend sein.<\/em><\/p>\n\n\n\n<p><em>Eine Sonnenterrasse, zwei Pools (der gro\u00dfe Pool hat Salzwasser, der kleine S\u00fc\u00dfwasser) und ein Barbereich mit mehreren Grills bieten die Basis f\u00fcr einen entspannten Urlaub.<\/em> <\/p>\n\n\n\n<p><em>Alle Appartements sind mit einer K\u00fcche, einem Wohnbereich, einem oder zwei Schlafzimmern mit Doppelbetten und einem privaten Au\u00dfenbereich ausgestattet.<\/em><\/p>\n\n\n\n<p style=\"font-size:10px\">*bitte habt Verst\u00e4ndnis, dass Vino Tinto nicht f\u00fcr Kinder und Jugendliche geeignet ist.<\/p>\n<\/div>\n\n\n\n<div class=\"wp-block-column is-layout-flow wp-block-column-is-layout-flow\" style=\"flex-basis:33%\">\n<div style=\"height:100px\" aria-hidden=\"true\" class=\"wp-block-spacer\"><\/div>\n\n\n\n<figure class=\"wp-block-image size-large\"><img decoding=\"async\" src=\"https:\/\/www.fvt22.com\/xhtml\/wp-content\/uploads\/2023\/02\/fvt063-1024x682.jpg\" alt=\"\" class=\"wp-image-225\"\/><\/figure>\n<\/div>\n\n\n\n<div class=\"wp-block-column is-layout-flow wp-block-column-is-layout-flow\" style=\"flex-basis:33.62%\">\n<figure class=\"wp-block-image size-large\"><img loading=\"lazy\" decoding=\"async\" width=\"683\" height=\"1024\" src=\"https:\/\/www.fvt22.com\/xhtml\/wp-content\/uploads\/2023\/02\/fvt040-683x1024.jpg\" alt=\"\" class=\"wp-image-202\" srcset=\"https:\/\/www.fvt22.com\/xhtml\/wp-content\/uploads\/2023\/02\/fvt040-683x1024.jpg 683w, https:\/\/www.fvt22.com\/xhtml\/wp-content\/uploads\/2023\/02\/fvt040-200x300.jpg 200w, https:\/\/www.fvt22.com\/xhtml\/wp-content\/uploads\/2023\/02\/fvt040-768x1152.jpg 768w, https:\/\/www.fvt22.com\/xhtml\/wp-content\/uploads\/2023\/02\/fvt040-1024x1536.jpg 1024w, https:\/\/www.fvt22.com\/xhtml\/wp-content\/uploads\/2023\/02\/fvt040-373x560.jpg 373w, https:\/\/www.fvt22.com\/xhtml\/wp-content\/uploads\/2023\/02\/fvt040.jpg 1280w\" sizes=\"(max-width: 683px) 100vw, 683px\" \/><\/figure>\n<\/div>\n<\/div>\n\n\n\n<div class=\"wp-block-columns alignwide is-layout-flex wp-container-core-columns-is-layout-3 wp-block-columns-is-layout-flex\">\n<div class=\"wp-block-column is-layout-flow wp-block-column-is-layout-flow\" style=\"flex-basis:67%\"><div class=\"wp-block-image\">\n<figure class=\"alignright size-large\"><img loading=\"lazy\" decoding=\"async\" width=\"1024\" height=\"682\" src=\"https:\/\/www.fvt22.com\/xhtml\/wp-content\/uploads\/2023\/02\/fvt037-1024x682.jpg\" alt=\"\" class=\"wp-image-199\" srcset=\"https:\/\/www.fvt22.com\/xhtml\/wp-content\/uploads\/2023\/02\/fvt037-1024x682.jpg 1024w, https:\/\/www.fvt22.com\/xhtml\/wp-content\/uploads\/2023\/02\/fvt037-300x200.jpg 300w, https:\/\/www.fvt22.com\/xhtml\/wp-content\/uploads\/2023\/02\/fvt037-768x512.jpg 768w, https:\/\/www.fvt22.com\/xhtml\/wp-content\/uploads\/2023\/02\/fvt037-1536x1023.jpg 1536w, https:\/\/www.fvt22.com\/xhtml\/wp-content\/uploads\/2023\/02\/fvt037-2048x1364.jpg 2048w, https:\/\/www.fvt22.com\/xhtml\/wp-content\/uploads\/2023\/02\/fvt037-841x560.jpg 841w, https:\/\/www.fvt22.com\/xhtml\/wp-content\/uploads\/2023\/02\/fvt037-2000x1332.jpg 2000w, https:\/\/www.fvt22.com\/xhtml\/wp-content\/uploads\/2023\/02\/fvt037-840x560.jpg 840w\" sizes=\"(max-width: 1024px) 100vw, 1024px\" \/><\/figure><\/div><\/div>\n\n\n\n<div class=\"wp-block-column is-vertically-aligned-center is-layout-flow wp-block-column-is-layout-flow\" style=\"flex-basis:33%\">\n<p class=\"has-text-color has-extra-small-font-size\" style=\"color:#000000\"><em>Buen Paso liegt im Norden von Teneriffa und somit in der gr\u00fcnen Lunge. Die geographische Lage der Insel Teneriffas im Ozean sorgt f\u00fcr einen unvergesslichen Sternenhimmel, der auch bei mehrmaligem Betrachten spektakul\u00e4r bleibt.<\/em><\/p>\n\n\n\n<p><em>Ein Supermarkt und diverse kleine Gesch\u00e4fte findest Du etwa einen km entfernt.<\/em> <em>Zum n\u00e4chsten Badestrand sowie zum n\u00e4chsten gr\u00f6\u00dferen Ort (Icod de los Vinos) sind es etwa drei km, nach Puerto de la Cruz sind es etwa f\u00fcnfzehn Minuten mit dem Auto.<\/em><\/p>\n\n\n\n<ul>\n<li><\/li>\n<\/ul>\n<\/div>\n<\/div>\n<\/div><\/div>\n","protected":false},"excerpt":{"rendered":"<p>Positive silent. Eingebettet in die Natur befindet sich die Finca Vino Tinto wenige hundert Meter entfernt von der Steilk\u00fcste zum Ozean. Die Anlage hat vier Appartements und ein Appartementhaus. Es werden nie mehr als zw\u00f6lf G\u00e4ste gleichzeitig anwesend sein. Eine Sonnenterrasse, zwei Pools (der gro\u00dfe Pool hat Salzwasser, der kleine S\u00fc\u00dfwasser) und ein Barbereich mit &hellip; <a href=\"https:\/\/www.fvt22.com\/\" class=\"more-link\">Continue reading<span class=\"screen-reader-text\"> &#8222;Vino Tinto &#8211; nur f\u00fcr Erwachsene*&#8220;<\/span><\/a><\/p>\n","protected":false},"author":1,"featured_media":679,"parent":0,"menu_order":0,"comment_status":"closed","ping_status":"closed","template":"template-front-page.php","meta":{"footnotes":""},"_links":{"self":[{"href":"https:\/\/www.fvt22.com\/index.php?rest_route=\/wp\/v2\/pages\/44"}],"collection":[{"href":"https:\/\/www.fvt22.com\/index.php?rest_route=\/wp\/v2\/pages"}],"about":[{"href":"https:\/\/www.fvt22.com\/index.php?rest_route=\/wp\/v2\/types\/page"}],"author":[{"embeddable":true,"href":"https:\/\/www.fvt22.com\/index.php?rest_route=\/wp\/v2\/users\/1"}],"replies":[{"embeddable":true,"href":"https:\/\/www.fvt22.com\/index.php?rest_route=%2Fwp%2Fv2%2Fcomments&post=44"}],"version-history":[{"count":47,"href":"https:\/\/www.fvt22.com\/index.php?rest_route=\/wp\/v2\/pages\/44\/revisions"}],"predecessor-version":[{"id":756,"href":"https:\/\/www.fvt22.com\/index.php?rest_route=\/wp\/v2\/pages\/44\/revisions\/756"}],"wp:featuredmedia":[{"embeddable":true,"href":"https:\/\/www.fvt22.com\/index.php?rest_route=\/wp\/v2\/media\/679"}],"wp:attachment":[{"href":"https:\/\/www.fvt22.com\/index.php?rest_route=%2Fwp%2Fv2%2Fmedia&parent=44"}],"curies":[{"name":"wp","href":"https:\/\/api.w.org\/{rel}","templated":true}]}}